{"id":268,"date":"2025-12-18T14:43:15","date_gmt":"2025-12-18T14:43:15","guid":{"rendered":"https:\/\/goldene-fundgrube.com\/gold-and-silver-buying\/"},"modified":"2026-03-16T13:24:21","modified_gmt":"2026-03-16T13:24:21","slug":"gold-and-silver-buying","status":"publish","type":"page","link":"https:\/\/goldene-fundgrube.com\/en\/gold-and-silver-buying\/","title":{"rendered":"Gold and silver buying"},"content":{"rendered":"\t\t<div data-elementor-type=\"wp-page\" data-elementor-id=\"268\" class=\"elementor elementor-268 elementor-84\" data-elementor-post-type=\"page\">\n\t\t\t\t<div data-particle_enable=\"false\" data-particle-mobile-disabled=\"false\" class=\"elementor-element elementor-element-769af14 e-flex e-con-boxed e-con e-parent\" data-id=\"769af14\" data-element_type=\"container\" data-e-type=\"container\" data-settings=\"{&quot;background_background&quot;:&quot;classic&quot;}\">\n\t\t\t\t\t<div class=\"e-con-inner\">\n\t\t\t\t<div class=\"elementor-element elementor-element-9675d83 elementor-widget elementor-widget-heading\" data-id=\"9675d83\" data-element_type=\"widget\" data-e-type=\"widget\" data-widget_type=\"heading.default\">\n\t\t\t\t\t<h1 class=\"elementor-heading-title elementor-size-default\">Buying gold, silver &amp; valuables<\/h1>\t\t\t\t<\/div>\n\t\t\t\t<div class=\"elementor-element elementor-element-a89b242 elementor-widget elementor-widget-heading\" data-id=\"a89b242\" data-element_type=\"widget\" data-e-type=\"widget\" data-widget_type=\"heading.default\">\n\t\t\t\t\t<h2 class=\"elementor-heading-title elementor-size-default\">We turn your treasures into value \u2013 quickly, fairly and reliably.<br><\/h2>\t\t\t\t<\/div>\n\t\t\t\t<div class=\"elementor-element elementor-element-16a23d0 elementor-widget elementor-widget-heading\" data-id=\"16a23d0\" data-element_type=\"widget\" data-e-type=\"widget\" data-widget_type=\"heading.default\">\n\t\t\t\t\t<h1 class=\"elementor-heading-title elementor-size-default\">Mobile Gold and Silver Buying - We come to you<\/h1>\t\t\t\t<\/div>\n\t\t\t\t<div class=\"elementor-element elementor-element-62762be elementor-widget elementor-widget-heading\" data-id=\"62762be\" data-element_type=\"widget\" data-e-type=\"widget\" data-widget_type=\"heading.default\">\n\t\t\t\t\t<h2 class=\"elementor-heading-title elementor-size-default\"><br>We\u2019re also happy to visit you at home and appraise your collectibles at current market prices. Discreet, reputable, and at a fair daily rate. <\/h2>\t\t\t\t<\/div>\n\t\t\t\t\t<\/div>\n\t\t\t\t<\/div>\n\t\t<div data-particle_enable=\"false\" data-particle-mobile-disabled=\"false\" class=\"elementor-element elementor-element-97a2759 e-flex e-con-boxed e-con e-parent\" data-id=\"97a2759\" data-element_type=\"container\" data-e-type=\"container\">\n\t\t\t\t\t<div class=\"e-con-inner\">\n\t\t<div data-particle_enable=\"false\" data-particle-mobile-disabled=\"false\" class=\"elementor-element elementor-element-2158eba e-con-full e-flex e-con e-child\" data-id=\"2158eba\" data-element_type=\"container\" data-e-type=\"container\">\n\t\t\t\t<div class=\"elementor-element elementor-element-3ecc8bd elementor-widget elementor-widget-text-editor\" data-id=\"3ecc8bd\" data-element_type=\"widget\" data-e-type=\"widget\" data-widget_type=\"text-editor.default\">\n\t\t\t\t\t\t\t\t\t<p>Do you want to sell your gold or silver?<\/p><p>We buy, among other things:<\/p><ul><li>Gold and Silver<\/li><li>Gold jewelry and silver jewelry \u2013 also defective or individual pieces<\/li><li>Scrap gold and dental gold<\/li><li>Silver cutlery, silverware sets<\/li><li>Coins and medals<\/li><li>Brand watches<\/li><li>Antiques, collectibles and special unique items<\/li><\/ul><p>The valuation for gold and silver purchases is based on current market prices. You can calmly decide whether you want to sell. Discretion and honesty are a matter of course for us.<\/p>\t\t\t\t\t\t\t\t<\/div>\n\t\t\t\t<\/div>\n\t\t<div data-particle_enable=\"false\" data-particle-mobile-disabled=\"false\" class=\"elementor-element elementor-element-1e7a544 e-con-full e-flex e-con e-child\" data-id=\"1e7a544\" data-element_type=\"container\" data-e-type=\"container\">\n\t\t\t\t<div class=\"elementor-element elementor-element-58794fa elementor-widget elementor-widget-gallery\" data-id=\"58794fa\" data-element_type=\"widget\" data-e-type=\"widget\" data-settings=\"{&quot;columns&quot;:3,&quot;gap&quot;:{&quot;unit&quot;:&quot;px&quot;,&quot;size&quot;:20,&quot;sizes&quot;:[]},&quot;lazyload&quot;:&quot;yes&quot;,&quot;gallery_layout&quot;:&quot;grid&quot;,&quot;columns_tablet&quot;:2,&quot;columns_mobile&quot;:1,&quot;gap_tablet&quot;:{&quot;unit&quot;:&quot;px&quot;,&quot;size&quot;:10,&quot;sizes&quot;:[]},&quot;gap_mobile&quot;:{&quot;unit&quot;:&quot;px&quot;,&quot;size&quot;:10,&quot;sizes&quot;:[]},&quot;aspect_ratio&quot;:&quot;3:2&quot;,&quot;content_hover_animation&quot;:&quot;fade-in&quot;}\" data-widget_type=\"gallery.default\">\n\t\t\t\t\t\t\t<div class=\"elementor-gallery__container\">\n\t\t\t\t\t\t\t<div class=\"e-gallery-item elementor-gallery-item elementor-animated-content\">\n\t\t\t\t\t<div class=\"e-gallery-image elementor-gallery-item__image\" data-thumbnail=\"https:\/\/goldene-fundgrube.com\/wp-content\/uploads\/2026\/03\/Goldene_Fundgrube_Gold-und-Silber_6-768x960.jpg\" data-width=\"768\" data-height=\"960\" aria-label=\"\" role=\"img\" ><\/div>\n\t\t\t\t\t\t\t\t\t\t\t\t\t\t<\/div>\n\t\t\t\t\t\t\t<div class=\"e-gallery-item elementor-gallery-item elementor-animated-content\">\n\t\t\t\t\t<div class=\"e-gallery-image elementor-gallery-item__image\" data-thumbnail=\"https:\/\/goldene-fundgrube.com\/wp-content\/uploads\/2026\/03\/Goldene_Fundgrube_Gold-und-Silber_1-768x960.jpg\" data-width=\"768\" data-height=\"960\" aria-label=\"\" role=\"img\" ><\/div>\n\t\t\t\t\t\t\t\t\t\t\t\t\t\t<\/div>\n\t\t\t\t\t\t\t<div class=\"e-gallery-item elementor-gallery-item elementor-animated-content\">\n\t\t\t\t\t<div class=\"e-gallery-image elementor-gallery-item__image\" data-thumbnail=\"https:\/\/goldene-fundgrube.com\/wp-content\/uploads\/2026\/03\/0001_Goldene-Fundgrube-Silber-768x960.jpg\" data-width=\"768\" data-height=\"960\" aria-label=\"\" role=\"img\" ><\/div>\n\t\t\t\t\t\t\t\t\t\t\t\t\t\t<\/div>\n\t\t\t\t\t\t\t<div class=\"e-gallery-item elementor-gallery-item elementor-animated-content\">\n\t\t\t\t\t<div class=\"e-gallery-image elementor-gallery-item__image\" data-thumbnail=\"https:\/\/goldene-fundgrube.com\/wp-content\/uploads\/2026\/03\/Goldene_Fundgrube_Gold-und-Silber_5-768x960.jpg\" data-width=\"768\" data-height=\"960\" aria-label=\"\" role=\"img\" ><\/div>\n\t\t\t\t\t\t\t\t\t\t\t\t\t\t<\/div>\n\t\t\t\t\t\t\t<div class=\"e-gallery-item elementor-gallery-item elementor-animated-content\">\n\t\t\t\t\t<div class=\"e-gallery-image elementor-gallery-item__image\" data-thumbnail=\"https:\/\/goldene-fundgrube.com\/wp-content\/uploads\/2026\/03\/Goldene_Fundgrube_Gold-und-Silber_4-768x960.jpg\" data-width=\"768\" data-height=\"960\" aria-label=\"\" role=\"img\" ><\/div>\n\t\t\t\t\t\t\t\t\t\t\t\t\t\t<\/div>\n\t\t\t\t\t\t\t<div class=\"e-gallery-item elementor-gallery-item elementor-animated-content\">\n\t\t\t\t\t<div class=\"e-gallery-image elementor-gallery-item__image\" data-thumbnail=\"https:\/\/goldene-fundgrube.com\/wp-content\/uploads\/2026\/03\/Goldene_Fundgrube_Gold-und-Silber_2-768x960.jpg\" data-width=\"768\" data-height=\"960\" aria-label=\"\" role=\"img\" ><\/div>\n\t\t\t\t\t\t\t\t\t\t\t\t\t\t<\/div>\n\t\t\t\t\t\t\t<div class=\"e-gallery-item elementor-gallery-item elementor-animated-content\">\n\t\t\t\t\t<div class=\"e-gallery-image elementor-gallery-item__image\" data-thumbnail=\"https:\/\/goldene-fundgrube.com\/wp-content\/uploads\/2026\/03\/Goldene_Fundgrube_Gold-und-Silber_3-768x960.jpg\" data-width=\"768\" data-height=\"960\" aria-label=\"\" role=\"img\" ><\/div>\n\t\t\t\t\t\t\t\t\t\t\t\t\t\t<\/div>\n\t\t\t\t\t\t\t<div class=\"e-gallery-item elementor-gallery-item elementor-animated-content\">\n\t\t\t\t\t<div class=\"e-gallery-image elementor-gallery-item__image\" data-thumbnail=\"https:\/\/goldene-fundgrube.com\/wp-content\/uploads\/2026\/03\/Goldene_Fundgrube_Gold-und-Silber_7-768x960.jpg\" data-width=\"768\" data-height=\"960\" aria-label=\"\" role=\"img\" ><\/div>\n\t\t\t\t\t\t\t\t\t\t\t\t\t\t<\/div>\n\t\t\t\t\t\t\t<div class=\"e-gallery-item elementor-gallery-item elementor-animated-content\">\n\t\t\t\t\t<div class=\"e-gallery-image elementor-gallery-item__image\" data-thumbnail=\"https:\/\/goldene-fundgrube.com\/wp-content\/uploads\/2026\/03\/0000_Goldene-Fundgrube-Gold--768x960.jpg\" data-width=\"768\" data-height=\"960\" aria-label=\"\" role=\"img\" ><\/div>\n\t\t\t\t\t\t\t\t\t\t\t\t\t\t<\/div>\n\t\t\t\t\t<\/div>\n\t\t\t\t\t<\/div>\n\t\t\t\t<\/div>\n\t\t\t\t\t<\/div>\n\t\t\t\t<\/div>\n\t\t<div data-particle_enable=\"false\" data-particle-mobile-disabled=\"false\" class=\"elementor-element elementor-element-6a4ff37 e-flex e-con-boxed e-con e-parent\" data-id=\"6a4ff37\" data-element_type=\"container\" data-e-type=\"container\">\n\t\t\t\t\t<div class=\"e-con-inner\">\n\t\t\t\t<div class=\"elementor-element elementor-element-f13b953 elementor-widget elementor-widget-heading\" data-id=\"f13b953\" data-element_type=\"widget\" data-e-type=\"widget\" data-widget_type=\"heading.default\">\n\t\t\t\t\t<h2 class=\"elementor-heading-title elementor-size-default\">Mobile gold and silver buying \u2013 we come to you<\/h2>\t\t\t\t<\/div>\n\t\t\t\t<div class=\"elementor-element elementor-element-cee3414 elementor-widget elementor-widget-text-editor\" data-id=\"cee3414\" data-element_type=\"widget\" data-e-type=\"widget\" data-widget_type=\"text-editor.default\">\n\t\t\t\t\t\t\t\t\t<p>Discreet, reputable, and at a fair daily rate! <\/p><p>We\u2019re on the road for you in: <\/p><p>D\u00e9nia, Gandia, Oliva, Pego, Ondara, J\u00e1vea, Teulada, Moraira, Benissa, Calpe, Altea, L\u2019Alf\u00e0s del Pi, Benidorm, Villajoyosa, Pedreguer<\/p><p>and throughout the entire 50 km surrounding area.<\/p>\t\t\t\t\t\t\t\t<\/div>\n\t\t\t\t\t<\/div>\n\t\t\t\t<\/div>\n\t\t\t\t<\/div>\n\t\t","protected":false},"excerpt":{"rendered":"<p>Buying gold, silver &amp; valuables We turn your treasures into value \u2013 quickly, fairly and reliably. Mobile Gold and Silver Buying &#8211; We come to you We\u2019re also happy to visit you at home and appraise your collectibles at current market prices. Discreet, reputable, and at a fair daily rate. Do you want to sell [&hellip;]<\/p>\n","protected":false},"author":2,"featured_media":0,"parent":0,"menu_order":0,"comment_status":"closed","ping_status":"closed","template":"","meta":{"footnotes":""},"class_list":["post-268","page","type-page","status-publish","hentry","wpbf-post"],"yoast_head":"<!-- This site is optimized with the Yoast SEO plugin v27.3 - https:\/\/yoast.com\/product\/yoast-seo-wordpress\/ -->\n<title>Gold and silver buying - Goldene Fundgrube<\/title>\n<meta name=\"description\" content=\"Gold and silver buying made easy: we come to you or you visit us in D\u00e9nia for honest and discreet transactions.\" \/>\n<meta name=\"robots\" content=\"index, follow, max-snippet:-1, max-image-preview:large, max-video-preview:-1\" \/>\n<link rel=\"canonical\" href=\"https:\/\/goldene-fundgrube.com\/en\/gold-and-silver-buying\/\" \/>\n<meta property=\"og:locale\" content=\"en_US\" \/>\n<meta property=\"og:type\" content=\"article\" \/>\n<meta property=\"og:title\" content=\"Gold and silver buying - Goldene Fundgrube\" \/>\n<meta property=\"og:description\" content=\"Gold and silver buying made easy: we come to you or you visit us in D\u00e9nia for honest and discreet transactions.\" \/>\n<meta property=\"og:url\" content=\"https:\/\/goldene-fundgrube.com\/en\/gold-and-silver-buying\/\" \/>\n<meta property=\"og:site_name\" content=\"Goldene Fundgrube\" \/>\n<meta property=\"article:modified_time\" content=\"2026-03-16T13:24:21+00:00\" \/>\n<meta name=\"twitter:card\" content=\"summary_large_image\" \/>\n<meta name=\"twitter:label1\" content=\"Est. reading time\" \/>\n\t<meta name=\"twitter:data1\" content=\"1 minute\" \/>\n<script type=\"application\/ld+json\" class=\"yoast-schema-graph\">{\"@context\":\"https:\\\/\\\/schema.org\",\"@graph\":[{\"@type\":\"WebPage\",\"@id\":\"https:\\\/\\\/goldene-fundgrube.com\\\/en\\\/gold-and-silver-buying\\\/\",\"url\":\"https:\\\/\\\/goldene-fundgrube.com\\\/en\\\/gold-and-silver-buying\\\/\",\"name\":\"Gold and silver buying - Goldene Fundgrube\",\"isPartOf\":{\"@id\":\"https:\\\/\\\/goldene-fundgrube.com\\\/#website\"},\"datePublished\":\"2025-12-18T14:43:15+00:00\",\"dateModified\":\"2026-03-16T13:24:21+00:00\",\"description\":\"Gold and silver buying made easy: we come to you or you visit us in D\u00e9nia for honest and discreet transactions.\",\"breadcrumb\":{\"@id\":\"https:\\\/\\\/goldene-fundgrube.com\\\/en\\\/gold-and-silver-buying\\\/#breadcrumb\"},\"inLanguage\":\"en-US\",\"potentialAction\":[{\"@type\":\"ReadAction\",\"target\":[\"https:\\\/\\\/goldene-fundgrube.com\\\/en\\\/gold-and-silver-buying\\\/\"]}]},{\"@type\":\"BreadcrumbList\",\"@id\":\"https:\\\/\\\/goldene-fundgrube.com\\\/en\\\/gold-and-silver-buying\\\/#breadcrumb\",\"itemListElement\":[{\"@type\":\"ListItem\",\"position\":1,\"name\":\"Start\",\"item\":\"https:\\\/\\\/goldene-fundgrube.com\\\/en\\\/goldene-fundgrube\\\/\"},{\"@type\":\"ListItem\",\"position\":2,\"name\":\"Gold and silver buying\"}]},{\"@type\":\"WebSite\",\"@id\":\"https:\\\/\\\/goldene-fundgrube.com\\\/#website\",\"url\":\"https:\\\/\\\/goldene-fundgrube.com\\\/\",\"name\":\"Goldene Fundgrube\",\"description\":\"Haushaltsaufl\u00f6sungen, Entr\u00fcmpelungen, Umz\u00fcge, Goldankauf und vieles mehr\",\"publisher\":{\"@id\":\"https:\\\/\\\/goldene-fundgrube.com\\\/#organization\"},\"potentialAction\":[{\"@type\":\"SearchAction\",\"target\":{\"@type\":\"EntryPoint\",\"urlTemplate\":\"https:\\\/\\\/goldene-fundgrube.com\\\/?s={search_term_string}\"},\"query-input\":{\"@type\":\"PropertyValueSpecification\",\"valueRequired\":true,\"valueName\":\"search_term_string\"}}],\"inLanguage\":\"en-US\"},{\"@type\":\"Organization\",\"@id\":\"https:\\\/\\\/goldene-fundgrube.com\\\/#organization\",\"name\":\"Goldene Fundgrube\",\"url\":\"https:\\\/\\\/goldene-fundgrube.com\\\/\",\"logo\":{\"@type\":\"ImageObject\",\"inLanguage\":\"en-US\",\"@id\":\"https:\\\/\\\/goldene-fundgrube.com\\\/#\\\/schema\\\/logo\\\/image\\\/\",\"url\":\"https:\\\/\\\/goldene-fundgrube.com\\\/wp-content\\\/uploads\\\/2025\\\/12\\\/Logo_Goldene-Fundgrube_Quer_Webversion-scaled.png\",\"contentUrl\":\"https:\\\/\\\/goldene-fundgrube.com\\\/wp-content\\\/uploads\\\/2025\\\/12\\\/Logo_Goldene-Fundgrube_Quer_Webversion-scaled.png\",\"width\":2560,\"height\":777,\"caption\":\"Goldene Fundgrube\"},\"image\":{\"@id\":\"https:\\\/\\\/goldene-fundgrube.com\\\/#\\\/schema\\\/logo\\\/image\\\/\"}}]}<\/script>\n<!-- \/ Yoast SEO plugin. -->","yoast_head_json":{"title":"Gold and silver buying - Goldene Fundgrube","description":"Gold and silver buying made easy: we come to you or you visit us in D\u00e9nia for honest and discreet transactions.","robots":{"index":"index","follow":"follow","max-snippet":"max-snippet:-1","max-image-preview":"max-image-preview:large","max-video-preview":"max-video-preview:-1"},"canonical":"https:\/\/goldene-fundgrube.com\/en\/gold-and-silver-buying\/","og_locale":"en_US","og_type":"article","og_title":"Gold and silver buying - Goldene Fundgrube","og_description":"Gold and silver buying made easy: we come to you or you visit us in D\u00e9nia for honest and discreet transactions.","og_url":"https:\/\/goldene-fundgrube.com\/en\/gold-and-silver-buying\/","og_site_name":"Goldene Fundgrube","article_modified_time":"2026-03-16T13:24:21+00:00","twitter_card":"summary_large_image","twitter_misc":{"Est. reading time":"1 minute"},"schema":{"@context":"https:\/\/schema.org","@graph":[{"@type":"WebPage","@id":"https:\/\/goldene-fundgrube.com\/en\/gold-and-silver-buying\/","url":"https:\/\/goldene-fundgrube.com\/en\/gold-and-silver-buying\/","name":"Gold and silver buying - Goldene Fundgrube","isPartOf":{"@id":"https:\/\/goldene-fundgrube.com\/#website"},"datePublished":"2025-12-18T14:43:15+00:00","dateModified":"2026-03-16T13:24:21+00:00","description":"Gold and silver buying made easy: we come to you or you visit us in D\u00e9nia for honest and discreet transactions.","breadcrumb":{"@id":"https:\/\/goldene-fundgrube.com\/en\/gold-and-silver-buying\/#breadcrumb"},"inLanguage":"en-US","potentialAction":[{"@type":"ReadAction","target":["https:\/\/goldene-fundgrube.com\/en\/gold-and-silver-buying\/"]}]},{"@type":"BreadcrumbList","@id":"https:\/\/goldene-fundgrube.com\/en\/gold-and-silver-buying\/#breadcrumb","itemListElement":[{"@type":"ListItem","position":1,"name":"Start","item":"https:\/\/goldene-fundgrube.com\/en\/goldene-fundgrube\/"},{"@type":"ListItem","position":2,"name":"Gold and silver buying"}]},{"@type":"WebSite","@id":"https:\/\/goldene-fundgrube.com\/#website","url":"https:\/\/goldene-fundgrube.com\/","name":"Goldene Fundgrube","description":"Haushaltsaufl\u00f6sungen, Entr\u00fcmpelungen, Umz\u00fcge, Goldankauf und vieles mehr","publisher":{"@id":"https:\/\/goldene-fundgrube.com\/#organization"},"potentialAction":[{"@type":"SearchAction","target":{"@type":"EntryPoint","urlTemplate":"https:\/\/goldene-fundgrube.com\/?s={search_term_string}"},"query-input":{"@type":"PropertyValueSpecification","valueRequired":true,"valueName":"search_term_string"}}],"inLanguage":"en-US"},{"@type":"Organization","@id":"https:\/\/goldene-fundgrube.com\/#organization","name":"Goldene Fundgrube","url":"https:\/\/goldene-fundgrube.com\/","logo":{"@type":"ImageObject","inLanguage":"en-US","@id":"https:\/\/goldene-fundgrube.com\/#\/schema\/logo\/image\/","url":"https:\/\/goldene-fundgrube.com\/wp-content\/uploads\/2025\/12\/Logo_Goldene-Fundgrube_Quer_Webversion-scaled.png","contentUrl":"https:\/\/goldene-fundgrube.com\/wp-content\/uploads\/2025\/12\/Logo_Goldene-Fundgrube_Quer_Webversion-scaled.png","width":2560,"height":777,"caption":"Goldene Fundgrube"},"image":{"@id":"https:\/\/goldene-fundgrube.com\/#\/schema\/logo\/image\/"}}]}},"_links":{"self":[{"href":"https:\/\/goldene-fundgrube.com\/en\/wp-json\/wp\/v2\/pages\/268","targetHints":{"allow":["GET"]}}],"collection":[{"href":"https:\/\/goldene-fundgrube.com\/en\/wp-json\/wp\/v2\/pages"}],"about":[{"href":"https:\/\/goldene-fundgrube.com\/en\/wp-json\/wp\/v2\/types\/page"}],"author":[{"embeddable":true,"href":"https:\/\/goldene-fundgrube.com\/en\/wp-json\/wp\/v2\/users\/2"}],"replies":[{"embeddable":true,"href":"https:\/\/goldene-fundgrube.com\/en\/wp-json\/wp\/v2\/comments?post=268"}],"version-history":[{"count":10,"href":"https:\/\/goldene-fundgrube.com\/en\/wp-json\/wp\/v2\/pages\/268\/revisions"}],"predecessor-version":[{"id":589,"href":"https:\/\/goldene-fundgrube.com\/en\/wp-json\/wp\/v2\/pages\/268\/revisions\/589"}],"wp:attachment":[{"href":"https:\/\/goldene-fundgrube.com\/en\/wp-json\/wp\/v2\/media?parent=268"}],"curies":[{"name":"wp","href":"https:\/\/api.w.org\/{rel}","templated":true}]}}