{"id":366,"date":"2025-12-18T14:08:37","date_gmt":"2025-12-18T14:08:37","guid":{"rendered":"https:\/\/goldene-fundgrube.com\/imprint\/"},"modified":"2026-02-26T08:24:04","modified_gmt":"2026-02-26T08:24:04","slug":"imprint","status":"publish","type":"page","link":"https:\/\/goldene-fundgrube.com\/en\/imprint\/","title":{"rendered":"Imprint"},"content":{"rendered":"\t\t<div data-elementor-type=\"wp-page\" data-elementor-id=\"366\" class=\"elementor elementor-366 elementor-59\" data-elementor-post-type=\"page\">\n\t\t\t\t<div data-particle_enable=\"false\" data-particle-mobile-disabled=\"false\" class=\"elementor-element elementor-element-d356e27 e-flex e-con-boxed e-con e-parent\" data-id=\"d356e27\" data-element_type=\"container\" data-e-type=\"container\">\n\t\t\t\t\t<div class=\"e-con-inner\">\n\t\t\t\t<div class=\"elementor-element elementor-element-d3e9634 elementor-widget elementor-widget-heading\" data-id=\"d3e9634\" data-element_type=\"widget\" data-e-type=\"widget\" data-widget_type=\"heading.default\">\n\t\t\t\t\t<h1 class=\"elementor-heading-title elementor-size-default\">Imprint<\/h1>\t\t\t\t<\/div>\n\t\t\t\t<div class=\"elementor-element elementor-element-8123b51 elementor-widget elementor-widget-text-editor\" data-id=\"8123b51\" data-element_type=\"widget\" data-e-type=\"widget\" data-widget_type=\"text-editor.default\">\n\t\t\t\t\t\t\t\t\t<div dir=\"auto\">Owner of this site and responsible for the content:<\/div><div dir=\"auto\">FK Compra de oro y plata SL <\/div><div dir=\"auto\">Ronda Migjorn 60<\/div><div dir=\"auto\">07620 Llucmajor <\/div><div dir=\"auto\">CIF: B56411549<\/div><div dir=\"auto\">Email: fk.compraoro@gmail.com<\/div><div dir=\"auto\">Tel: +34 616 607 153 <\/div><div dir=\"auto\"> <\/div><h4>Disclaimer<\/h4><h4>1. Content of the online offer<\/h4><p>The author assumes no responsibility for the topicality, correctness, completeness or quality of the information provided. Liability claims against the author, which refer to damages of a material or immaterial nature, which were caused by the use or non-use of the information presented or by the use of incorrect and incomplete information, are fundamentally excluded, provided that there is no demonstrably intentional or grossly negligent fault on the part of the author. <br>All offers are subject to change and non-binding. The author expressly reserves the right to change, supplement or delete parts of the pages or the entire offer without separate announcement or to discontinue the publication temporarily or permanently.  <\/p><h4>2. References and links<\/h4><p>In the case of direct or indirect references to external websites (&#8220;hyperlinks&#8221;), which are outside the area of responsibility of the author, a liability obligation would only come into force in the case in which the author has knowledge of the contents and it would be technically possible and reasonable for him to prevent the use in the case of illegal contents. <br>The author hereby expressly declares that at the time the links were created, no illegal content was discernible on the pages to be linked. The author has no influence whatsoever on the current and future design, the content or the authorship of the linked\/connected pages. Therefore, he hereby expressly dissociates himself from all contents of all linked\/connected pages that were changed after the link was set. This statement applies to all links and references set within the own internet offer as well as to external entries in guest books, discussion forums, link directories, mailing lists and in all other forms of databases set up by the author, on whose content external write access is possible. For illegal, incorrect or incomplete contents and in particular for damages resulting from the use or non-use of such information, the provider of the page to which reference was made is solely liable, not the one who merely refers to the respective publication via links.    <\/p><h4>3. Copyright and trademark law<\/h4><p>The author aims to respect the copyrights of all images, graphics, audio files, video sequences, and texts used in all publications, to use their own images, graphics, audio files, video sequences, and texts, or to use royalty-free graphics, audio files, video sequences, and texts. <br>All brand names and trademarks mentioned on this website and potentially protected by third parties are subject without restriction to the provisions of the applicable trademark law and the ownership rights of the respective registered owners. Just because a trademark is mentioned, you shouldn&#8217;t assume it isn&#8217;t protected by third-party rights! <br>The copyright for published objects created by the author himself remains solely with the author of the pages. Any duplication or use of such graphics, sound documents, video sequences and texts in other electronic or printed publications is not permitted without the express consent of the author. <\/p><h4>4. Legal validity of this disclaimer<\/h4><p>This disclaimer is to be regarded as part of the internet offer from which reference was made to this page. If parts or individual formulations of this text should not, no longer or not completely correspond to the applicable legal situation, the remaining parts of the document remain unaffected in their content and validity. <\/p>\t\t\t\t\t\t\t\t<\/div>\n\t\t\t\t\t<\/div>\n\t\t\t\t<\/div>\n\t\t\t\t<\/div>\n\t\t","protected":false},"excerpt":{"rendered":"<p>Imprint Owner of this site and responsible for the content:FK Compra de oro y plata SL Ronda Migjorn 6007620 Llucmajor CIF: B56411549Email: fk.compraoro@gmail.comTel: +34 616 607 153 Disclaimer 1. Content of the online offer The author assumes no responsibility for the topicality, correctness, completeness or quality of the information provided. Liability claims against the author, [&hellip;]<\/p>\n","protected":false},"author":2,"featured_media":0,"parent":0,"menu_order":0,"comment_status":"closed","ping_status":"closed","template":"","meta":{"footnotes":""},"class_list":["post-366","page","type-page","status-publish","hentry","wpbf-post"],"yoast_head":"<!-- This site is optimized with the Yoast SEO plugin v27.3 - https:\/\/yoast.com\/product\/yoast-seo-wordpress\/ -->\n<title>Imprint - Goldene Fundgrube<\/title>\n<meta name=\"description\" content=\"Here you&#039;ll find the legal notice with all the relevant information about who is responsible for the content on this site.\" \/>\n<meta name=\"robots\" content=\"index, follow, max-snippet:-1, max-image-preview:large, max-video-preview:-1\" \/>\n<link rel=\"canonical\" href=\"https:\/\/goldene-fundgrube.com\/en\/imprint\/\" \/>\n<meta property=\"og:locale\" content=\"en_US\" \/>\n<meta property=\"og:type\" content=\"article\" \/>\n<meta property=\"og:title\" content=\"Imprint - Goldene Fundgrube\" \/>\n<meta property=\"og:description\" content=\"Here you&#039;ll find the legal notice with all the relevant information about who is responsible for the content on this site.\" \/>\n<meta property=\"og:url\" content=\"https:\/\/goldene-fundgrube.com\/en\/imprint\/\" \/>\n<meta property=\"og:site_name\" content=\"Goldene Fundgrube\" \/>\n<meta property=\"article:modified_time\" content=\"2026-02-26T08:24:04+00:00\" \/>\n<meta name=\"twitter:card\" content=\"summary_large_image\" \/>\n<meta name=\"twitter:label1\" content=\"Est. reading time\" \/>\n\t<meta name=\"twitter:data1\" content=\"3 minutes\" \/>\n<script type=\"application\/ld+json\" class=\"yoast-schema-graph\">{\"@context\":\"https:\\\/\\\/schema.org\",\"@graph\":[{\"@type\":\"WebPage\",\"@id\":\"https:\\\/\\\/goldene-fundgrube.com\\\/en\\\/imprint\\\/\",\"url\":\"https:\\\/\\\/goldene-fundgrube.com\\\/en\\\/imprint\\\/\",\"name\":\"Imprint - Goldene Fundgrube\",\"isPartOf\":{\"@id\":\"https:\\\/\\\/goldene-fundgrube.com\\\/#website\"},\"datePublished\":\"2025-12-18T14:08:37+00:00\",\"dateModified\":\"2026-02-26T08:24:04+00:00\",\"description\":\"Here you'll find the legal notice with all the relevant information about who is responsible for the content on this site.\",\"breadcrumb\":{\"@id\":\"https:\\\/\\\/goldene-fundgrube.com\\\/en\\\/imprint\\\/#breadcrumb\"},\"inLanguage\":\"en-US\",\"potentialAction\":[{\"@type\":\"ReadAction\",\"target\":[\"https:\\\/\\\/goldene-fundgrube.com\\\/en\\\/imprint\\\/\"]}]},{\"@type\":\"BreadcrumbList\",\"@id\":\"https:\\\/\\\/goldene-fundgrube.com\\\/en\\\/imprint\\\/#breadcrumb\",\"itemListElement\":[{\"@type\":\"ListItem\",\"position\":1,\"name\":\"Start\",\"item\":\"https:\\\/\\\/goldene-fundgrube.com\\\/en\\\/goldene-fundgrube\\\/\"},{\"@type\":\"ListItem\",\"position\":2,\"name\":\"Imprint\"}]},{\"@type\":\"WebSite\",\"@id\":\"https:\\\/\\\/goldene-fundgrube.com\\\/#website\",\"url\":\"https:\\\/\\\/goldene-fundgrube.com\\\/\",\"name\":\"Goldene Fundgrube\",\"description\":\"Haushaltsaufl\u00f6sungen, Entr\u00fcmpelungen, Umz\u00fcge, Goldankauf und vieles mehr\",\"publisher\":{\"@id\":\"https:\\\/\\\/goldene-fundgrube.com\\\/#organization\"},\"potentialAction\":[{\"@type\":\"SearchAction\",\"target\":{\"@type\":\"EntryPoint\",\"urlTemplate\":\"https:\\\/\\\/goldene-fundgrube.com\\\/?s={search_term_string}\"},\"query-input\":{\"@type\":\"PropertyValueSpecification\",\"valueRequired\":true,\"valueName\":\"search_term_string\"}}],\"inLanguage\":\"en-US\"},{\"@type\":\"Organization\",\"@id\":\"https:\\\/\\\/goldene-fundgrube.com\\\/#organization\",\"name\":\"Goldene Fundgrube\",\"url\":\"https:\\\/\\\/goldene-fundgrube.com\\\/\",\"logo\":{\"@type\":\"ImageObject\",\"inLanguage\":\"en-US\",\"@id\":\"https:\\\/\\\/goldene-fundgrube.com\\\/#\\\/schema\\\/logo\\\/image\\\/\",\"url\":\"https:\\\/\\\/goldene-fundgrube.com\\\/wp-content\\\/uploads\\\/2025\\\/12\\\/Logo_Goldene-Fundgrube_Quer_Webversion-scaled.png\",\"contentUrl\":\"https:\\\/\\\/goldene-fundgrube.com\\\/wp-content\\\/uploads\\\/2025\\\/12\\\/Logo_Goldene-Fundgrube_Quer_Webversion-scaled.png\",\"width\":2560,\"height\":777,\"caption\":\"Goldene Fundgrube\"},\"image\":{\"@id\":\"https:\\\/\\\/goldene-fundgrube.com\\\/#\\\/schema\\\/logo\\\/image\\\/\"}}]}<\/script>\n<!-- \/ Yoast SEO plugin. -->","yoast_head_json":{"title":"Imprint - Goldene Fundgrube","description":"Here you'll find the legal notice with all the relevant information about who is responsible for the content on this site.","robots":{"index":"index","follow":"follow","max-snippet":"max-snippet:-1","max-image-preview":"max-image-preview:large","max-video-preview":"max-video-preview:-1"},"canonical":"https:\/\/goldene-fundgrube.com\/en\/imprint\/","og_locale":"en_US","og_type":"article","og_title":"Imprint - Goldene Fundgrube","og_description":"Here you'll find the legal notice with all the relevant information about who is responsible for the content on this site.","og_url":"https:\/\/goldene-fundgrube.com\/en\/imprint\/","og_site_name":"Goldene Fundgrube","article_modified_time":"2026-02-26T08:24:04+00:00","twitter_card":"summary_large_image","twitter_misc":{"Est. reading time":"3 minutes"},"schema":{"@context":"https:\/\/schema.org","@graph":[{"@type":"WebPage","@id":"https:\/\/goldene-fundgrube.com\/en\/imprint\/","url":"https:\/\/goldene-fundgrube.com\/en\/imprint\/","name":"Imprint - Goldene Fundgrube","isPartOf":{"@id":"https:\/\/goldene-fundgrube.com\/#website"},"datePublished":"2025-12-18T14:08:37+00:00","dateModified":"2026-02-26T08:24:04+00:00","description":"Here you'll find the legal notice with all the relevant information about who is responsible for the content on this site.","breadcrumb":{"@id":"https:\/\/goldene-fundgrube.com\/en\/imprint\/#breadcrumb"},"inLanguage":"en-US","potentialAction":[{"@type":"ReadAction","target":["https:\/\/goldene-fundgrube.com\/en\/imprint\/"]}]},{"@type":"BreadcrumbList","@id":"https:\/\/goldene-fundgrube.com\/en\/imprint\/#breadcrumb","itemListElement":[{"@type":"ListItem","position":1,"name":"Start","item":"https:\/\/goldene-fundgrube.com\/en\/goldene-fundgrube\/"},{"@type":"ListItem","position":2,"name":"Imprint"}]},{"@type":"WebSite","@id":"https:\/\/goldene-fundgrube.com\/#website","url":"https:\/\/goldene-fundgrube.com\/","name":"Goldene Fundgrube","description":"Haushaltsaufl\u00f6sungen, Entr\u00fcmpelungen, Umz\u00fcge, Goldankauf und vieles mehr","publisher":{"@id":"https:\/\/goldene-fundgrube.com\/#organization"},"potentialAction":[{"@type":"SearchAction","target":{"@type":"EntryPoint","urlTemplate":"https:\/\/goldene-fundgrube.com\/?s={search_term_string}"},"query-input":{"@type":"PropertyValueSpecification","valueRequired":true,"valueName":"search_term_string"}}],"inLanguage":"en-US"},{"@type":"Organization","@id":"https:\/\/goldene-fundgrube.com\/#organization","name":"Goldene Fundgrube","url":"https:\/\/goldene-fundgrube.com\/","logo":{"@type":"ImageObject","inLanguage":"en-US","@id":"https:\/\/goldene-fundgrube.com\/#\/schema\/logo\/image\/","url":"https:\/\/goldene-fundgrube.com\/wp-content\/uploads\/2025\/12\/Logo_Goldene-Fundgrube_Quer_Webversion-scaled.png","contentUrl":"https:\/\/goldene-fundgrube.com\/wp-content\/uploads\/2025\/12\/Logo_Goldene-Fundgrube_Quer_Webversion-scaled.png","width":2560,"height":777,"caption":"Goldene Fundgrube"},"image":{"@id":"https:\/\/goldene-fundgrube.com\/#\/schema\/logo\/image\/"}}]}},"_links":{"self":[{"href":"https:\/\/goldene-fundgrube.com\/en\/wp-json\/wp\/v2\/pages\/366","targetHints":{"allow":["GET"]}}],"collection":[{"href":"https:\/\/goldene-fundgrube.com\/en\/wp-json\/wp\/v2\/pages"}],"about":[{"href":"https:\/\/goldene-fundgrube.com\/en\/wp-json\/wp\/v2\/types\/page"}],"author":[{"embeddable":true,"href":"https:\/\/goldene-fundgrube.com\/en\/wp-json\/wp\/v2\/users\/2"}],"replies":[{"embeddable":true,"href":"https:\/\/goldene-fundgrube.com\/en\/wp-json\/wp\/v2\/comments?post=366"}],"version-history":[{"count":3,"href":"https:\/\/goldene-fundgrube.com\/en\/wp-json\/wp\/v2\/pages\/366\/revisions"}],"predecessor-version":[{"id":480,"href":"https:\/\/goldene-fundgrube.com\/en\/wp-json\/wp\/v2\/pages\/366\/revisions\/480"}],"wp:attachment":[{"href":"https:\/\/goldene-fundgrube.com\/en\/wp-json\/wp\/v2\/media?parent=366"}],"curies":[{"name":"wp","href":"https:\/\/api.w.org\/{rel}","templated":true}]}}