{"id":305,"date":"2025-12-18T14:43:15","date_gmt":"2025-12-18T14:43:15","guid":{"rendered":"https:\/\/goldene-fundgrube.com\/compra-de-oro-y-plata\/"},"modified":"2026-03-16T13:24:46","modified_gmt":"2026-03-16T13:24:46","slug":"compra-de-oro-y-plata","status":"publish","type":"page","link":"https:\/\/goldene-fundgrube.com\/es\/compra-de-oro-y-plata\/","title":{"rendered":"Compra de oro y plata"},"content":{"rendered":"\t\t<div data-elementor-type=\"wp-page\" data-elementor-id=\"305\" class=\"elementor elementor-305 elementor-84\" data-elementor-post-type=\"page\">\n\t\t\t\t<div data-particle_enable=\"false\" data-particle-mobile-disabled=\"false\" class=\"elementor-element elementor-element-769af14 e-flex e-con-boxed e-con e-parent\" data-id=\"769af14\" data-element_type=\"container\" data-e-type=\"container\" data-settings=\"{&quot;background_background&quot;:&quot;classic&quot;}\">\n\t\t\t\t\t<div class=\"e-con-inner\">\n\t\t\t\t<div class=\"elementor-element elementor-element-9675d83 elementor-widget elementor-widget-heading\" data-id=\"9675d83\" data-element_type=\"widget\" data-e-type=\"widget\" data-widget_type=\"heading.default\">\n\t\t\t\t\t<h1 class=\"elementor-heading-title elementor-size-default\">Compra de oro, plata y objetos de valor<\/h1>\t\t\t\t<\/div>\n\t\t\t\t<div class=\"elementor-element elementor-element-a89b242 elementor-widget elementor-widget-heading\" data-id=\"a89b242\" data-element_type=\"widget\" data-e-type=\"widget\" data-widget_type=\"heading.default\">\n\t\t\t\t\t<h2 class=\"elementor-heading-title elementor-size-default\">Convertimos sus tesoros en valor \u2013 r\u00e1pido, justo y con seriedad.<br><\/h2>\t\t\t\t<\/div>\n\t\t\t\t<div class=\"elementor-element elementor-element-16a23d0 elementor-widget elementor-widget-heading\" data-id=\"16a23d0\" data-element_type=\"widget\" data-e-type=\"widget\" data-widget_type=\"heading.default\">\n\t\t\t\t\t<h1 class=\"elementor-heading-title elementor-size-default\">Compra m\u00f3vil de oro y plata - Vamos a su domicilio<\/h1>\t\t\t\t<\/div>\n\t\t\t\t<div class=\"elementor-element elementor-element-62762be elementor-widget elementor-widget-heading\" data-id=\"62762be\" data-element_type=\"widget\" data-e-type=\"widget\" data-widget_type=\"heading.default\">\n\t\t\t\t\t<h2 class=\"elementor-heading-title elementor-size-default\"><br>Estaremos encantados de visitarte en su domicilio para tasar sus piezas de colecci\u00f3n seg\u00fan los precios actuales de mercado. De forma discreta, seria y al precio justo del d\u00eda. <\/h2>\t\t\t\t<\/div>\n\t\t\t\t\t<\/div>\n\t\t\t\t<\/div>\n\t\t<div data-particle_enable=\"false\" data-particle-mobile-disabled=\"false\" class=\"elementor-element elementor-element-97a2759 e-flex e-con-boxed e-con e-parent\" data-id=\"97a2759\" data-element_type=\"container\" data-e-type=\"container\">\n\t\t\t\t\t<div class=\"e-con-inner\">\n\t\t<div data-particle_enable=\"false\" data-particle-mobile-disabled=\"false\" class=\"elementor-element elementor-element-2158eba e-con-full e-flex e-con e-child\" data-id=\"2158eba\" data-element_type=\"container\" data-e-type=\"container\">\n\t\t\t\t<div class=\"elementor-element elementor-element-3ecc8bd elementor-widget elementor-widget-text-editor\" data-id=\"3ecc8bd\" data-element_type=\"widget\" data-e-type=\"widget\" data-widget_type=\"text-editor.default\">\n\t\t\t\t\t\t\t\t\t<p>\u00bfQuiere vender su oro o su plata?<\/p><p>Compramos, entre otras cosas:<\/p><ul><li>Oro y plata<\/li><li>Joyas de oro y joyas de plata, tambi\u00e9n defectuosas o sueltas<\/li><li>Oro roto y oro dental<\/li><li>Cubiertos de plata, servicios de plata<\/li><li>Monedas y medallas<\/li><li>Relojes de marca<\/li><li>Antig\u00fcedades, objetos de colecci\u00f3n y piezas \u00fanicas especiales<\/li><\/ul><p>La valoraci\u00f3n en la compra de oro y plata se realiza seg\u00fan los precios actuales del mercado. Usted decide con calma si desea vender. La discreci\u00f3n y la honestidad son una cuesti\u00f3n de principios para nosotros.<\/p>\t\t\t\t\t\t\t\t<\/div>\n\t\t\t\t<\/div>\n\t\t<div data-particle_enable=\"false\" data-particle-mobile-disabled=\"false\" class=\"elementor-element elementor-element-1e7a544 e-con-full e-flex e-con e-child\" data-id=\"1e7a544\" data-element_type=\"container\" data-e-type=\"container\">\n\t\t\t\t<div class=\"elementor-element elementor-element-58794fa elementor-widget elementor-widget-gallery\" data-id=\"58794fa\" data-element_type=\"widget\" data-e-type=\"widget\" data-settings=\"{&quot;columns&quot;:3,&quot;gap&quot;:{&quot;unit&quot;:&quot;px&quot;,&quot;size&quot;:20,&quot;sizes&quot;:[]},&quot;lazyload&quot;:&quot;yes&quot;,&quot;gallery_layout&quot;:&quot;grid&quot;,&quot;columns_tablet&quot;:2,&quot;columns_mobile&quot;:1,&quot;gap_tablet&quot;:{&quot;unit&quot;:&quot;px&quot;,&quot;size&quot;:10,&quot;sizes&quot;:[]},&quot;gap_mobile&quot;:{&quot;unit&quot;:&quot;px&quot;,&quot;size&quot;:10,&quot;sizes&quot;:[]},&quot;aspect_ratio&quot;:&quot;3:2&quot;,&quot;content_hover_animation&quot;:&quot;fade-in&quot;}\" data-widget_type=\"gallery.default\">\n\t\t\t\t\t\t\t<div class=\"elementor-gallery__container\">\n\t\t\t\t\t\t\t<div class=\"e-gallery-item elementor-gallery-item elementor-animated-content\">\n\t\t\t\t\t<div class=\"e-gallery-image elementor-gallery-item__image\" data-thumbnail=\"https:\/\/goldene-fundgrube.com\/wp-content\/uploads\/2026\/03\/0000_Goldene-Fundgrube-Gold--768x960.jpg\" data-width=\"768\" data-height=\"960\" aria-label=\"\" role=\"img\" ><\/div>\n\t\t\t\t\t\t\t\t\t\t\t\t\t\t<\/div>\n\t\t\t\t\t\t\t<div class=\"e-gallery-item elementor-gallery-item elementor-animated-content\">\n\t\t\t\t\t<div class=\"e-gallery-image elementor-gallery-item__image\" data-thumbnail=\"https:\/\/goldene-fundgrube.com\/wp-content\/uploads\/2026\/03\/0001_Goldene-Fundgrube-Silber-768x960.jpg\" data-width=\"768\" data-height=\"960\" aria-label=\"\" role=\"img\" ><\/div>\n\t\t\t\t\t\t\t\t\t\t\t\t\t\t<\/div>\n\t\t\t\t\t\t\t<div class=\"e-gallery-item elementor-gallery-item elementor-animated-content\">\n\t\t\t\t\t<div class=\"e-gallery-image elementor-gallery-item__image\" data-thumbnail=\"https:\/\/goldene-fundgrube.com\/wp-content\/uploads\/2026\/03\/Goldene_Fundgrube_Gold-und-Silber_4-768x960.jpg\" data-width=\"768\" data-height=\"960\" aria-label=\"\" role=\"img\" ><\/div>\n\t\t\t\t\t\t\t\t\t\t\t\t\t\t<\/div>\n\t\t\t\t\t\t\t<div class=\"e-gallery-item elementor-gallery-item elementor-animated-content\">\n\t\t\t\t\t<div class=\"e-gallery-image elementor-gallery-item__image\" data-thumbnail=\"https:\/\/goldene-fundgrube.com\/wp-content\/uploads\/2026\/03\/Goldene_Fundgrube_Gold-und-Silber_5-768x960.jpg\" data-width=\"768\" data-height=\"960\" aria-label=\"\" role=\"img\" ><\/div>\n\t\t\t\t\t\t\t\t\t\t\t\t\t\t<\/div>\n\t\t\t\t\t\t\t<div class=\"e-gallery-item elementor-gallery-item elementor-animated-content\">\n\t\t\t\t\t<div class=\"e-gallery-image elementor-gallery-item__image\" data-thumbnail=\"https:\/\/goldene-fundgrube.com\/wp-content\/uploads\/2026\/03\/Goldene_Fundgrube_Gold-und-Silber_1-768x960.jpg\" data-width=\"768\" data-height=\"960\" aria-label=\"\" role=\"img\" ><\/div>\n\t\t\t\t\t\t\t\t\t\t\t\t\t\t<\/div>\n\t\t\t\t\t\t\t<div class=\"e-gallery-item elementor-gallery-item elementor-animated-content\">\n\t\t\t\t\t<div class=\"e-gallery-image elementor-gallery-item__image\" data-thumbnail=\"https:\/\/goldene-fundgrube.com\/wp-content\/uploads\/2026\/03\/Goldene_Fundgrube_Gold-und-Silber_2-768x960.jpg\" data-width=\"768\" data-height=\"960\" aria-label=\"\" role=\"img\" ><\/div>\n\t\t\t\t\t\t\t\t\t\t\t\t\t\t<\/div>\n\t\t\t\t\t\t\t<div class=\"e-gallery-item elementor-gallery-item elementor-animated-content\">\n\t\t\t\t\t<div class=\"e-gallery-image elementor-gallery-item__image\" data-thumbnail=\"https:\/\/goldene-fundgrube.com\/wp-content\/uploads\/2026\/03\/Goldene_Fundgrube_Gold-und-Silber_7-768x960.jpg\" data-width=\"768\" data-height=\"960\" aria-label=\"\" role=\"img\" ><\/div>\n\t\t\t\t\t\t\t\t\t\t\t\t\t\t<\/div>\n\t\t\t\t\t\t\t<div class=\"e-gallery-item elementor-gallery-item elementor-animated-content\">\n\t\t\t\t\t<div class=\"e-gallery-image elementor-gallery-item__image\" data-thumbnail=\"https:\/\/goldene-fundgrube.com\/wp-content\/uploads\/2026\/03\/Goldene_Fundgrube_Gold-und-Silber_6-768x960.jpg\" data-width=\"768\" data-height=\"960\" aria-label=\"\" role=\"img\" ><\/div>\n\t\t\t\t\t\t\t\t\t\t\t\t\t\t<\/div>\n\t\t\t\t\t\t\t<div class=\"e-gallery-item elementor-gallery-item elementor-animated-content\">\n\t\t\t\t\t<div class=\"e-gallery-image elementor-gallery-item__image\" data-thumbnail=\"https:\/\/goldene-fundgrube.com\/wp-content\/uploads\/2026\/03\/Goldene_Fundgrube_Gold-und-Silber_3-768x960.jpg\" data-width=\"768\" data-height=\"960\" aria-label=\"\" role=\"img\" ><\/div>\n\t\t\t\t\t\t\t\t\t\t\t\t\t\t<\/div>\n\t\t\t\t\t<\/div>\n\t\t\t\t\t<\/div>\n\t\t\t\t<\/div>\n\t\t\t\t\t<\/div>\n\t\t\t\t<\/div>\n\t\t<div data-particle_enable=\"false\" data-particle-mobile-disabled=\"false\" class=\"elementor-element elementor-element-6a4ff37 e-flex e-con-boxed e-con e-parent\" data-id=\"6a4ff37\" data-element_type=\"container\" data-e-type=\"container\">\n\t\t\t\t\t<div class=\"e-con-inner\">\n\t\t\t\t<div class=\"elementor-element elementor-element-f13b953 elementor-widget elementor-widget-heading\" data-id=\"f13b953\" data-element_type=\"widget\" data-e-type=\"widget\" data-widget_type=\"heading.default\">\n\t\t\t\t\t<h2 class=\"elementor-heading-title elementor-size-default\">Compra m\u00f3vil de oro y plata: nosotros vamos a su domicilio.<\/h2>\t\t\t\t<\/div>\n\t\t\t\t<div class=\"elementor-element elementor-element-cee3414 elementor-widget elementor-widget-text-editor\" data-id=\"cee3414\" data-element_type=\"widget\" data-e-type=\"widget\" data-widget_type=\"text-editor.default\">\n\t\t\t\t\t\t\t\t\t<p>\u00a1Discreto, serio y al precio justo del d\u00eda! <\/p><p>Estamos a su disposici\u00f3n en: <\/p><p>D\u00e9nia, Gandia, Oliva, Pego, Ondara, J\u00e1vea, Teulada, Moraira, Benissa, Calpe, Altea, L\u2019Alf\u00e0s del Pi, Benidorm, Villajoyosa, Pedreguer<\/p><p>y en todo un radio de 50 km.<\/p>\t\t\t\t\t\t\t\t<\/div>\n\t\t\t\t\t<\/div>\n\t\t\t\t<\/div>\n\t\t\t\t<\/div>\n\t\t","protected":false},"excerpt":{"rendered":"<p>Compra de oro, plata y objetos de valor Convertimos sus tesoros en valor \u2013 r\u00e1pido, justo y con seriedad. Compra m\u00f3vil de oro y plata &#8211; Vamos a su domicilio Estaremos encantados de visitarte en su domicilio para tasar sus piezas de colecci\u00f3n seg\u00fan los precios actuales de mercado. De forma discreta, seria y al [&hellip;]<\/p>\n","protected":false},"author":2,"featured_media":0,"parent":0,"menu_order":0,"comment_status":"closed","ping_status":"closed","template":"","meta":{"footnotes":""},"class_list":["post-305","page","type-page","status-publish","hentry","wpbf-post"],"yoast_head":"<!-- This site is optimized with the Yoast SEO plugin v27.3 - https:\/\/yoast.com\/product\/yoast-seo-wordpress\/ -->\n<title>Compra de oro y plata - Goldene Fundgrube<\/title>\n<meta name=\"description\" content=\"Compra de oro y plata simplificada: vamos a su domicilio o nos visita en D\u00e9nia para transacciones honestas y discretas.\" \/>\n<meta name=\"robots\" content=\"index, follow, max-snippet:-1, max-image-preview:large, max-video-preview:-1\" \/>\n<link rel=\"canonical\" href=\"https:\/\/goldene-fundgrube.com\/es\/compra-de-oro-y-plata\/\" \/>\n<meta property=\"og:locale\" content=\"es_ES\" \/>\n<meta property=\"og:type\" content=\"article\" \/>\n<meta property=\"og:title\" content=\"Compra de oro y plata - Goldene Fundgrube\" \/>\n<meta property=\"og:description\" content=\"Compra de oro y plata simplificada: vamos a su domicilio o nos visita en D\u00e9nia para transacciones honestas y discretas.\" \/>\n<meta property=\"og:url\" content=\"https:\/\/goldene-fundgrube.com\/es\/compra-de-oro-y-plata\/\" \/>\n<meta property=\"og:site_name\" content=\"Goldene Fundgrube\" \/>\n<meta property=\"article:modified_time\" content=\"2026-03-16T13:24:46+00:00\" \/>\n<meta name=\"twitter:card\" content=\"summary_large_image\" \/>\n<meta name=\"twitter:label1\" content=\"Tiempo de lectura\" \/>\n\t<meta name=\"twitter:data1\" content=\"1 minuto\" \/>\n<script type=\"application\/ld+json\" class=\"yoast-schema-graph\">{\"@context\":\"https:\\\/\\\/schema.org\",\"@graph\":[{\"@type\":\"WebPage\",\"@id\":\"https:\\\/\\\/goldene-fundgrube.com\\\/es\\\/compra-de-oro-y-plata\\\/\",\"url\":\"https:\\\/\\\/goldene-fundgrube.com\\\/es\\\/compra-de-oro-y-plata\\\/\",\"name\":\"Compra de oro y plata - Goldene Fundgrube\",\"isPartOf\":{\"@id\":\"https:\\\/\\\/goldene-fundgrube.com\\\/#website\"},\"datePublished\":\"2025-12-18T14:43:15+00:00\",\"dateModified\":\"2026-03-16T13:24:46+00:00\",\"description\":\"Compra de oro y plata simplificada: vamos a su domicilio o nos visita en D\u00e9nia para transacciones honestas y discretas.\",\"breadcrumb\":{\"@id\":\"https:\\\/\\\/goldene-fundgrube.com\\\/es\\\/compra-de-oro-y-plata\\\/#breadcrumb\"},\"inLanguage\":\"es\",\"potentialAction\":[{\"@type\":\"ReadAction\",\"target\":[\"https:\\\/\\\/goldene-fundgrube.com\\\/es\\\/compra-de-oro-y-plata\\\/\"]}]},{\"@type\":\"BreadcrumbList\",\"@id\":\"https:\\\/\\\/goldene-fundgrube.com\\\/es\\\/compra-de-oro-y-plata\\\/#breadcrumb\",\"itemListElement\":[{\"@type\":\"ListItem\",\"position\":1,\"name\":\"Start\",\"item\":\"https:\\\/\\\/goldene-fundgrube.com\\\/es\\\/goldene-fundgrube\\\/\"},{\"@type\":\"ListItem\",\"position\":2,\"name\":\"Compra de oro y plata\"}]},{\"@type\":\"WebSite\",\"@id\":\"https:\\\/\\\/goldene-fundgrube.com\\\/#website\",\"url\":\"https:\\\/\\\/goldene-fundgrube.com\\\/\",\"name\":\"Goldene Fundgrube\",\"description\":\"Haushaltsaufl\u00f6sungen, Entr\u00fcmpelungen, Umz\u00fcge, Goldankauf und vieles mehr\",\"publisher\":{\"@id\":\"https:\\\/\\\/goldene-fundgrube.com\\\/#organization\"},\"potentialAction\":[{\"@type\":\"SearchAction\",\"target\":{\"@type\":\"EntryPoint\",\"urlTemplate\":\"https:\\\/\\\/goldene-fundgrube.com\\\/?s={search_term_string}\"},\"query-input\":{\"@type\":\"PropertyValueSpecification\",\"valueRequired\":true,\"valueName\":\"search_term_string\"}}],\"inLanguage\":\"es\"},{\"@type\":\"Organization\",\"@id\":\"https:\\\/\\\/goldene-fundgrube.com\\\/#organization\",\"name\":\"Goldene Fundgrube\",\"url\":\"https:\\\/\\\/goldene-fundgrube.com\\\/\",\"logo\":{\"@type\":\"ImageObject\",\"inLanguage\":\"es\",\"@id\":\"https:\\\/\\\/goldene-fundgrube.com\\\/#\\\/schema\\\/logo\\\/image\\\/\",\"url\":\"https:\\\/\\\/goldene-fundgrube.com\\\/wp-content\\\/uploads\\\/2025\\\/12\\\/Logo_Goldene-Fundgrube_Quer_Webversion-scaled.png\",\"contentUrl\":\"https:\\\/\\\/goldene-fundgrube.com\\\/wp-content\\\/uploads\\\/2025\\\/12\\\/Logo_Goldene-Fundgrube_Quer_Webversion-scaled.png\",\"width\":2560,\"height\":777,\"caption\":\"Goldene Fundgrube\"},\"image\":{\"@id\":\"https:\\\/\\\/goldene-fundgrube.com\\\/#\\\/schema\\\/logo\\\/image\\\/\"}}]}<\/script>\n<!-- \/ Yoast SEO plugin. -->","yoast_head_json":{"title":"Compra de oro y plata - Goldene Fundgrube","description":"Compra de oro y plata simplificada: vamos a su domicilio o nos visita en D\u00e9nia para transacciones honestas y discretas.","robots":{"index":"index","follow":"follow","max-snippet":"max-snippet:-1","max-image-preview":"max-image-preview:large","max-video-preview":"max-video-preview:-1"},"canonical":"https:\/\/goldene-fundgrube.com\/es\/compra-de-oro-y-plata\/","og_locale":"es_ES","og_type":"article","og_title":"Compra de oro y plata - Goldene Fundgrube","og_description":"Compra de oro y plata simplificada: vamos a su domicilio o nos visita en D\u00e9nia para transacciones honestas y discretas.","og_url":"https:\/\/goldene-fundgrube.com\/es\/compra-de-oro-y-plata\/","og_site_name":"Goldene Fundgrube","article_modified_time":"2026-03-16T13:24:46+00:00","twitter_card":"summary_large_image","twitter_misc":{"Tiempo de lectura":"1 minuto"},"schema":{"@context":"https:\/\/schema.org","@graph":[{"@type":"WebPage","@id":"https:\/\/goldene-fundgrube.com\/es\/compra-de-oro-y-plata\/","url":"https:\/\/goldene-fundgrube.com\/es\/compra-de-oro-y-plata\/","name":"Compra de oro y plata - Goldene Fundgrube","isPartOf":{"@id":"https:\/\/goldene-fundgrube.com\/#website"},"datePublished":"2025-12-18T14:43:15+00:00","dateModified":"2026-03-16T13:24:46+00:00","description":"Compra de oro y plata simplificada: vamos a su domicilio o nos visita en D\u00e9nia para transacciones honestas y discretas.","breadcrumb":{"@id":"https:\/\/goldene-fundgrube.com\/es\/compra-de-oro-y-plata\/#breadcrumb"},"inLanguage":"es","potentialAction":[{"@type":"ReadAction","target":["https:\/\/goldene-fundgrube.com\/es\/compra-de-oro-y-plata\/"]}]},{"@type":"BreadcrumbList","@id":"https:\/\/goldene-fundgrube.com\/es\/compra-de-oro-y-plata\/#breadcrumb","itemListElement":[{"@type":"ListItem","position":1,"name":"Start","item":"https:\/\/goldene-fundgrube.com\/es\/goldene-fundgrube\/"},{"@type":"ListItem","position":2,"name":"Compra de oro y plata"}]},{"@type":"WebSite","@id":"https:\/\/goldene-fundgrube.com\/#website","url":"https:\/\/goldene-fundgrube.com\/","name":"Goldene Fundgrube","description":"Haushaltsaufl\u00f6sungen, Entr\u00fcmpelungen, Umz\u00fcge, Goldankauf und vieles mehr","publisher":{"@id":"https:\/\/goldene-fundgrube.com\/#organization"},"potentialAction":[{"@type":"SearchAction","target":{"@type":"EntryPoint","urlTemplate":"https:\/\/goldene-fundgrube.com\/?s={search_term_string}"},"query-input":{"@type":"PropertyValueSpecification","valueRequired":true,"valueName":"search_term_string"}}],"inLanguage":"es"},{"@type":"Organization","@id":"https:\/\/goldene-fundgrube.com\/#organization","name":"Goldene Fundgrube","url":"https:\/\/goldene-fundgrube.com\/","logo":{"@type":"ImageObject","inLanguage":"es","@id":"https:\/\/goldene-fundgrube.com\/#\/schema\/logo\/image\/","url":"https:\/\/goldene-fundgrube.com\/wp-content\/uploads\/2025\/12\/Logo_Goldene-Fundgrube_Quer_Webversion-scaled.png","contentUrl":"https:\/\/goldene-fundgrube.com\/wp-content\/uploads\/2025\/12\/Logo_Goldene-Fundgrube_Quer_Webversion-scaled.png","width":2560,"height":777,"caption":"Goldene Fundgrube"},"image":{"@id":"https:\/\/goldene-fundgrube.com\/#\/schema\/logo\/image\/"}}]}},"_links":{"self":[{"href":"https:\/\/goldene-fundgrube.com\/es\/wp-json\/wp\/v2\/pages\/305","targetHints":{"allow":["GET"]}}],"collection":[{"href":"https:\/\/goldene-fundgrube.com\/es\/wp-json\/wp\/v2\/pages"}],"about":[{"href":"https:\/\/goldene-fundgrube.com\/es\/wp-json\/wp\/v2\/types\/page"}],"author":[{"embeddable":true,"href":"https:\/\/goldene-fundgrube.com\/es\/wp-json\/wp\/v2\/users\/2"}],"replies":[{"embeddable":true,"href":"https:\/\/goldene-fundgrube.com\/es\/wp-json\/wp\/v2\/comments?post=305"}],"version-history":[{"count":11,"href":"https:\/\/goldene-fundgrube.com\/es\/wp-json\/wp\/v2\/pages\/305\/revisions"}],"predecessor-version":[{"id":590,"href":"https:\/\/goldene-fundgrube.com\/es\/wp-json\/wp\/v2\/pages\/305\/revisions\/590"}],"wp:attachment":[{"href":"https:\/\/goldene-fundgrube.com\/es\/wp-json\/wp\/v2\/media?parent=305"}],"curies":[{"name":"wp","href":"https:\/\/api.w.org\/{rel}","templated":true}]}}