{"id":364,"date":"2025-12-18T14:08:37","date_gmt":"2025-12-18T14:08:37","guid":{"rendered":"https:\/\/goldene-fundgrube.com\/aviso-legal\/"},"modified":"2026-02-26T08:24:15","modified_gmt":"2026-02-26T08:24:15","slug":"aviso-legal","status":"publish","type":"page","link":"https:\/\/goldene-fundgrube.com\/es\/aviso-legal\/","title":{"rendered":"Aviso legal"},"content":{"rendered":"\t\t<div data-elementor-type=\"wp-page\" data-elementor-id=\"364\" class=\"elementor elementor-364 elementor-59\" data-elementor-post-type=\"page\">\n\t\t\t\t<div data-particle_enable=\"false\" data-particle-mobile-disabled=\"false\" class=\"elementor-element elementor-element-d356e27 e-flex e-con-boxed e-con e-parent\" data-id=\"d356e27\" data-element_type=\"container\" data-e-type=\"container\">\n\t\t\t\t\t<div class=\"e-con-inner\">\n\t\t\t\t<div class=\"elementor-element elementor-element-d3e9634 elementor-widget elementor-widget-heading\" data-id=\"d3e9634\" data-element_type=\"widget\" data-e-type=\"widget\" data-widget_type=\"heading.default\">\n\t\t\t\t\t<h1 class=\"elementor-heading-title elementor-size-default\">Aviso legal<\/h1>\t\t\t\t<\/div>\n\t\t\t\t<div class=\"elementor-element elementor-element-8123b51 elementor-widget elementor-widget-text-editor\" data-id=\"8123b51\" data-element_type=\"widget\" data-e-type=\"widget\" data-widget_type=\"text-editor.default\">\n\t\t\t\t\t\t\t\t\t<div dir=\"auto\">Titular de esta p\u00e1gina y responsable del contenido:<\/div><div dir=\"auto\">FK Compra de oro y plata SL <\/div><div dir=\"auto\">Ronda Migjorn 60<\/div><div dir=\"auto\">07620 Llucmajor <\/div><div dir=\"auto\">CIF: B56411549<\/div><div dir=\"auto\">Email: fk.compraoro@gmail.com<\/div><div dir=\"auto\">Tel: +34 616 607 153 <\/div><div dir=\"auto\"> <\/div><h4>Exclusi\u00f3n de responsabilidad<\/h4><h4>1. Contenido de la oferta en l\u00ednea<\/h4><p>El autor no asume ninguna responsabilidad por la actualidad, exactitud, integridad o calidad de la informaci\u00f3n proporcionada. Se excluyen fundamentalmente las reclamaciones de responsabilidad contra el autor, que se refieran a da\u00f1os materiales o inmateriales causados por el uso o no uso de la informaci\u00f3n ofrecida o por el uso de informaci\u00f3n incorrecta o incompleta, siempre que no exista una negligencia demostrable intencionada o grave por parte del autor. <br>Todas las ofertas est\u00e1n sujetas a cambios y no son vinculantes. El autor se reserva expresamente el derecho a modificar, complementar o eliminar partes de las p\u00e1ginas o toda la oferta sin previo aviso, o a suspender la publicaci\u00f3n de forma temporal o definitiva.  <\/p><h4>2. Referencias y enlaces<\/h4><p>En el caso de referencias directas o indirectas a sitios web externos (\u00abhiperv\u00ednculos\u00bb) que est\u00e9n fuera del \u00e1mbito de responsabilidad del autor, una obligaci\u00f3n de responsabilidad entrar\u00eda en vigor exclusivamente en el caso de que el autor tuviera conocimiento de los contenidos y le fuera t\u00e9cnicamente posible y razonable evitar el uso en caso de contenidos ilegales. <br>El autor declara expresamente que en el momento de la creaci\u00f3n de los enlaces no se reconocieron contenidos ilegales en las p\u00e1ginas enlazadas. El autor no tiene ninguna influencia sobre el dise\u00f1o actual y futuro, los contenidos o la autor\u00eda de las p\u00e1ginas enlazadas\/vinculadas. Por lo tanto, se distancia expresamente de todos los contenidos de todas las p\u00e1ginas enlazadas\/vinculadas que hayan sido modificadas despu\u00e9s de la creaci\u00f3n del enlace. Esta declaraci\u00f3n se aplica a todos los enlaces y referencias establecidos dentro de la propia oferta de Internet, as\u00ed como a las entradas de terceros en los libros de visitas, foros de discusi\u00f3n, directorios de enlaces, listas de correo y en todas las dem\u00e1s formas de bases de datos creadas por el autor, cuyo contenido permite el acceso externo de escritura. El proveedor de la p\u00e1gina a la que se hace referencia es el \u00fanico responsable de los contenidos ilegales, err\u00f3neos o incompletos y, en particular, de los da\u00f1os derivados del uso o no uso de dicha informaci\u00f3n, y no la persona que se limita a remitir a la publicaci\u00f3n respectiva a trav\u00e9s de enlaces.    <\/p><h4>3. Derechos de autor y de marca<\/h4><p>El autor se esfuerza por respetar los derechos de autor de las im\u00e1genes, gr\u00e1ficos, documentos de sonido, secuencias de v\u00eddeo y textos utilizados en todas las publicaciones, por utilizar im\u00e1genes, gr\u00e1ficos, documentos de sonido, secuencias de v\u00eddeo y textos creados por \u00e9l mismo o por recurrir a gr\u00e1ficos, documentos de sonido, secuencias de v\u00eddeo y textos libres de licencia. <br>Todas las marcas y signos distintivos mencionados en la oferta de internet y, en su caso, protegidos por terceros, est\u00e1n sujetos sin restricciones a las disposiciones del derecho de marcas vigente en cada momento y a los derechos de propiedad de sus respectivos titulares registrados. \u00a1La mera menci\u00f3n no implica que las marcas no est\u00e9n protegidas por derechos de terceros! <br>El copyright de los objetos publicados creados por el propio autor pertenece exclusivamente al autor de las p\u00e1ginas. La reproducci\u00f3n o el uso de dichos gr\u00e1ficos, documentos de sonido, secuencias de v\u00eddeo y textos en otras publicaciones electr\u00f3nicas o impresas no est\u00e1 permitida sin el consentimiento expreso del autor. <\/p><h4>4. Validez legal de esta exclusi\u00f3n de responsabilidad<\/h4><p>Esta exclusi\u00f3n de responsabilidad debe considerarse como parte de la oferta de Internet desde la que se remite a esta p\u00e1gina. Si partes o formulaciones individuales de este texto no se corresponden, ya no se corresponden o no se corresponden completamente con la situaci\u00f3n legal vigente, las partes restantes del documento no se ver\u00e1n afectadas en su contenido y validez. <\/p>\t\t\t\t\t\t\t\t<\/div>\n\t\t\t\t\t<\/div>\n\t\t\t\t<\/div>\n\t\t\t\t<\/div>\n\t\t","protected":false},"excerpt":{"rendered":"<p>Aviso legal Titular de esta p\u00e1gina y responsable del contenido:FK Compra de oro y plata SL Ronda Migjorn 6007620 Llucmajor CIF: B56411549Email: fk.compraoro@gmail.comTel: +34 616 607 153 Exclusi\u00f3n de responsabilidad 1. Contenido de la oferta en l\u00ednea El autor no asume ninguna responsabilidad por la actualidad, exactitud, integridad o calidad de la informaci\u00f3n proporcionada. Se [&hellip;]<\/p>\n","protected":false},"author":2,"featured_media":0,"parent":0,"menu_order":0,"comment_status":"closed","ping_status":"closed","template":"","meta":{"footnotes":""},"class_list":["post-364","page","type-page","status-publish","hentry","wpbf-post"],"yoast_head":"<!-- This site is optimized with the Yoast SEO plugin v27.3 - https:\/\/yoast.com\/product\/yoast-seo-wordpress\/ -->\n<title>Aviso legal - Goldene Fundgrube<\/title>\n<meta name=\"description\" content=\"Aqu\u00ed encontrar\u00e1 el aviso legal con toda la informaci\u00f3n relevante sobre la responsabilidad del contenido de esta p\u00e1gina.\" \/>\n<meta name=\"robots\" content=\"index, follow, max-snippet:-1, max-image-preview:large, max-video-preview:-1\" \/>\n<link rel=\"canonical\" href=\"https:\/\/goldene-fundgrube.com\/es\/aviso-legal\/\" \/>\n<meta property=\"og:locale\" content=\"es_ES\" \/>\n<meta property=\"og:type\" content=\"article\" \/>\n<meta property=\"og:title\" content=\"Aviso legal - Goldene Fundgrube\" \/>\n<meta property=\"og:description\" content=\"Aqu\u00ed encontrar\u00e1 el aviso legal con toda la informaci\u00f3n relevante sobre la responsabilidad del contenido de esta p\u00e1gina.\" \/>\n<meta property=\"og:url\" content=\"https:\/\/goldene-fundgrube.com\/es\/aviso-legal\/\" \/>\n<meta property=\"og:site_name\" content=\"Goldene Fundgrube\" \/>\n<meta property=\"article:modified_time\" content=\"2026-02-26T08:24:15+00:00\" \/>\n<meta name=\"twitter:card\" content=\"summary_large_image\" \/>\n<meta name=\"twitter:label1\" content=\"Tiempo de lectura\" \/>\n\t<meta name=\"twitter:data1\" content=\"3 minutos\" \/>\n<script type=\"application\/ld+json\" class=\"yoast-schema-graph\">{\"@context\":\"https:\\\/\\\/schema.org\",\"@graph\":[{\"@type\":\"WebPage\",\"@id\":\"https:\\\/\\\/goldene-fundgrube.com\\\/es\\\/aviso-legal\\\/\",\"url\":\"https:\\\/\\\/goldene-fundgrube.com\\\/es\\\/aviso-legal\\\/\",\"name\":\"Aviso legal - Goldene Fundgrube\",\"isPartOf\":{\"@id\":\"https:\\\/\\\/goldene-fundgrube.com\\\/#website\"},\"datePublished\":\"2025-12-18T14:08:37+00:00\",\"dateModified\":\"2026-02-26T08:24:15+00:00\",\"description\":\"Aqu\u00ed encontrar\u00e1 el aviso legal con toda la informaci\u00f3n relevante sobre la responsabilidad del contenido de esta p\u00e1gina.\",\"breadcrumb\":{\"@id\":\"https:\\\/\\\/goldene-fundgrube.com\\\/es\\\/aviso-legal\\\/#breadcrumb\"},\"inLanguage\":\"es\",\"potentialAction\":[{\"@type\":\"ReadAction\",\"target\":[\"https:\\\/\\\/goldene-fundgrube.com\\\/es\\\/aviso-legal\\\/\"]}]},{\"@type\":\"BreadcrumbList\",\"@id\":\"https:\\\/\\\/goldene-fundgrube.com\\\/es\\\/aviso-legal\\\/#breadcrumb\",\"itemListElement\":[{\"@type\":\"ListItem\",\"position\":1,\"name\":\"Start\",\"item\":\"https:\\\/\\\/goldene-fundgrube.com\\\/es\\\/goldene-fundgrube\\\/\"},{\"@type\":\"ListItem\",\"position\":2,\"name\":\"Aviso legal\"}]},{\"@type\":\"WebSite\",\"@id\":\"https:\\\/\\\/goldene-fundgrube.com\\\/#website\",\"url\":\"https:\\\/\\\/goldene-fundgrube.com\\\/\",\"name\":\"Goldene Fundgrube\",\"description\":\"Haushaltsaufl\u00f6sungen, Entr\u00fcmpelungen, Umz\u00fcge, Goldankauf und vieles mehr\",\"publisher\":{\"@id\":\"https:\\\/\\\/goldene-fundgrube.com\\\/#organization\"},\"potentialAction\":[{\"@type\":\"SearchAction\",\"target\":{\"@type\":\"EntryPoint\",\"urlTemplate\":\"https:\\\/\\\/goldene-fundgrube.com\\\/?s={search_term_string}\"},\"query-input\":{\"@type\":\"PropertyValueSpecification\",\"valueRequired\":true,\"valueName\":\"search_term_string\"}}],\"inLanguage\":\"es\"},{\"@type\":\"Organization\",\"@id\":\"https:\\\/\\\/goldene-fundgrube.com\\\/#organization\",\"name\":\"Goldene Fundgrube\",\"url\":\"https:\\\/\\\/goldene-fundgrube.com\\\/\",\"logo\":{\"@type\":\"ImageObject\",\"inLanguage\":\"es\",\"@id\":\"https:\\\/\\\/goldene-fundgrube.com\\\/#\\\/schema\\\/logo\\\/image\\\/\",\"url\":\"https:\\\/\\\/goldene-fundgrube.com\\\/wp-content\\\/uploads\\\/2025\\\/12\\\/Logo_Goldene-Fundgrube_Quer_Webversion-scaled.png\",\"contentUrl\":\"https:\\\/\\\/goldene-fundgrube.com\\\/wp-content\\\/uploads\\\/2025\\\/12\\\/Logo_Goldene-Fundgrube_Quer_Webversion-scaled.png\",\"width\":2560,\"height\":777,\"caption\":\"Goldene Fundgrube\"},\"image\":{\"@id\":\"https:\\\/\\\/goldene-fundgrube.com\\\/#\\\/schema\\\/logo\\\/image\\\/\"}}]}<\/script>\n<!-- \/ Yoast SEO plugin. -->","yoast_head_json":{"title":"Aviso legal - Goldene Fundgrube","description":"Aqu\u00ed encontrar\u00e1 el aviso legal con toda la informaci\u00f3n relevante sobre la responsabilidad del contenido de esta p\u00e1gina.","robots":{"index":"index","follow":"follow","max-snippet":"max-snippet:-1","max-image-preview":"max-image-preview:large","max-video-preview":"max-video-preview:-1"},"canonical":"https:\/\/goldene-fundgrube.com\/es\/aviso-legal\/","og_locale":"es_ES","og_type":"article","og_title":"Aviso legal - Goldene Fundgrube","og_description":"Aqu\u00ed encontrar\u00e1 el aviso legal con toda la informaci\u00f3n relevante sobre la responsabilidad del contenido de esta p\u00e1gina.","og_url":"https:\/\/goldene-fundgrube.com\/es\/aviso-legal\/","og_site_name":"Goldene Fundgrube","article_modified_time":"2026-02-26T08:24:15+00:00","twitter_card":"summary_large_image","twitter_misc":{"Tiempo de lectura":"3 minutos"},"schema":{"@context":"https:\/\/schema.org","@graph":[{"@type":"WebPage","@id":"https:\/\/goldene-fundgrube.com\/es\/aviso-legal\/","url":"https:\/\/goldene-fundgrube.com\/es\/aviso-legal\/","name":"Aviso legal - Goldene Fundgrube","isPartOf":{"@id":"https:\/\/goldene-fundgrube.com\/#website"},"datePublished":"2025-12-18T14:08:37+00:00","dateModified":"2026-02-26T08:24:15+00:00","description":"Aqu\u00ed encontrar\u00e1 el aviso legal con toda la informaci\u00f3n relevante sobre la responsabilidad del contenido de esta p\u00e1gina.","breadcrumb":{"@id":"https:\/\/goldene-fundgrube.com\/es\/aviso-legal\/#breadcrumb"},"inLanguage":"es","potentialAction":[{"@type":"ReadAction","target":["https:\/\/goldene-fundgrube.com\/es\/aviso-legal\/"]}]},{"@type":"BreadcrumbList","@id":"https:\/\/goldene-fundgrube.com\/es\/aviso-legal\/#breadcrumb","itemListElement":[{"@type":"ListItem","position":1,"name":"Start","item":"https:\/\/goldene-fundgrube.com\/es\/goldene-fundgrube\/"},{"@type":"ListItem","position":2,"name":"Aviso legal"}]},{"@type":"WebSite","@id":"https:\/\/goldene-fundgrube.com\/#website","url":"https:\/\/goldene-fundgrube.com\/","name":"Goldene Fundgrube","description":"Haushaltsaufl\u00f6sungen, Entr\u00fcmpelungen, Umz\u00fcge, Goldankauf und vieles mehr","publisher":{"@id":"https:\/\/goldene-fundgrube.com\/#organization"},"potentialAction":[{"@type":"SearchAction","target":{"@type":"EntryPoint","urlTemplate":"https:\/\/goldene-fundgrube.com\/?s={search_term_string}"},"query-input":{"@type":"PropertyValueSpecification","valueRequired":true,"valueName":"search_term_string"}}],"inLanguage":"es"},{"@type":"Organization","@id":"https:\/\/goldene-fundgrube.com\/#organization","name":"Goldene Fundgrube","url":"https:\/\/goldene-fundgrube.com\/","logo":{"@type":"ImageObject","inLanguage":"es","@id":"https:\/\/goldene-fundgrube.com\/#\/schema\/logo\/image\/","url":"https:\/\/goldene-fundgrube.com\/wp-content\/uploads\/2025\/12\/Logo_Goldene-Fundgrube_Quer_Webversion-scaled.png","contentUrl":"https:\/\/goldene-fundgrube.com\/wp-content\/uploads\/2025\/12\/Logo_Goldene-Fundgrube_Quer_Webversion-scaled.png","width":2560,"height":777,"caption":"Goldene Fundgrube"},"image":{"@id":"https:\/\/goldene-fundgrube.com\/#\/schema\/logo\/image\/"}}]}},"_links":{"self":[{"href":"https:\/\/goldene-fundgrube.com\/es\/wp-json\/wp\/v2\/pages\/364","targetHints":{"allow":["GET"]}}],"collection":[{"href":"https:\/\/goldene-fundgrube.com\/es\/wp-json\/wp\/v2\/pages"}],"about":[{"href":"https:\/\/goldene-fundgrube.com\/es\/wp-json\/wp\/v2\/types\/page"}],"author":[{"embeddable":true,"href":"https:\/\/goldene-fundgrube.com\/es\/wp-json\/wp\/v2\/users\/2"}],"replies":[{"embeddable":true,"href":"https:\/\/goldene-fundgrube.com\/es\/wp-json\/wp\/v2\/comments?post=364"}],"version-history":[{"count":3,"href":"https:\/\/goldene-fundgrube.com\/es\/wp-json\/wp\/v2\/pages\/364\/revisions"}],"predecessor-version":[{"id":481,"href":"https:\/\/goldene-fundgrube.com\/es\/wp-json\/wp\/v2\/pages\/364\/revisions\/481"}],"wp:attachment":[{"href":"https:\/\/goldene-fundgrube.com\/es\/wp-json\/wp\/v2\/media?parent=364"}],"curies":[{"name":"wp","href":"https:\/\/api.w.org\/{rel}","templated":true}]}}